{"id":193,"date":"2020-12-18T16:54:49","date_gmt":"2020-12-18T15:54:49","guid":{"rendered":"https:\/\/jhbg-hermannloens.at\/?page_id=193"},"modified":"2020-12-23T08:22:53","modified_gmt":"2020-12-23T07:22:53","slug":"repertoire","status":"publish","type":"page","link":"https:\/\/jhbg-hermannloens.at\/?page_id=193","title":{"rendered":"Repertoire"},"content":{"rendered":"\n<p><strong><em>Allgemeine, Jagdleit- und Totsignale:<\/em><\/strong><\/p>\n\n\n\n<p>Das hohe Wecken, Begr\u00fc\u00dfung, Zum Essen, Zum Trinken,&nbsp;Blattschlagen,<br>Jagd&nbsp;vorbei-Halali, Auf Wiedersehen<\/p>\n\n\n\n<p>Aufbruch zur Jagd, Das Ganze, Anblasen des Treibens, Aufmunterung zum Treiben, Aufh\u00f6ren zu schie\u00dfen, Sammeln der J\u00e4ger, Sammeln der Sch\u00fctzen, Hunderuf, Wagenruf<\/p>\n\n\n\n<p>Hirsch tot, Damhirsch tot, Muffel tot, Gams tot, Sau tot, Auerhahn tot, Reh tot, Fuchs tot, Hase tot, Kaninchen tot, Flugwild tot, Fasan tot, Raubwild tot, Murmel tot, B\u00e4r tot,<br>Steinwild tot<\/p>\n\n\n\n<p><em><strong>M\u00e4rsche, Fanfaren und Spielst\u00fccke:<\/strong><\/em><\/p>\n\n\n\n<p>Auf, auf zum fr\u00f6hlichen Jagen, Alpenj\u00e4germarsch, Festmarsch, Wiener Landes-J\u00e4germarsch, N\u00d6. J\u00e4germarsch, N\u00d6. Jubil\u00e4umsmarsch, Hubertusmarsch, O\u00d6. Landesj\u00e4germarsch, Das Jagerleben, J\u00e4germarsch Nr. 1, J\u00e4germarsch Nr. 2, H\u00f6rnermarsch &#8222;Hermann L\u00f6ns&#8220;,&nbsp;Der J\u00e4ger aus Kurpfalz,&nbsp;Schloss Hof-Marsch, Josef Killian-Ged\u00e4chtnismarsch,&nbsp;M\u00f6dlinger J\u00e4germarsch, Festlicher Jagdhornklang, Dr. Michael H\u00e4upl-Marsch, LJM Pr\u00f6ll-Marsch, Eibesthaler Marsch, Vivat Venatio! Salzburger J\u00e4germarsch, Burgenl\u00e4ndischer J\u00e4germarsch, Steirischer Jagdsch\u00fctzenmarsch, Hermann L\u00f6ns-Jubil\u00e4umsmarsch, Tiroler J\u00e4germarsch<\/p>\n\n\n\n<p>Hundefanfare, M\u00fcnsterlandfanfare, Ehrenfanfare, Wienerwald-Jagdfanfare, Jubil\u00e4umsfanfare, Magyar Fanf\u00e1r, Hernsteinfanfare, Starhemberg-Fanfare, Festfanfare<\/p>\n\n\n\n<p>Schweizer J\u00e4gergru\u00df, Wir sind J\u00e4ger, Hornbl\u00e4sergru\u00df, Auf zur Jagd, Waldkauz-Polka<\/p>\n\n\n\n<p>Des J\u00e4gers Gru\u00df, L\u00e4ndler,&nbsp;Geburtstagsmarsch und Hoch soll er leben, T\u00fcrnitzer Hochzeitsmarsch, Damenkr\u00e4nzchen, Eggersdorfer Jungj\u00e4ger-Polka, Jagdruf, Mei Schwei\u00dfhund und i, Schnepfenstrich-Walzer,&nbsp;Das gro\u00dfe Halali, Des J\u00e4gers Abschied, Vorbei die Jagd, Weidmannsruh, Am Grabe<\/p>\n\n\n\n<p><strong><em>J\u00e4germessen:<\/em><\/strong><\/p>\n\n\n\n<p><strong>Hubertusmesse von Sepp Killian:<\/strong><\/p>\n\n\n\n<p>Introitus, Kyrie, Gloria, Credo, Sanctus, Agnus dei, Communio,<br>Ite missa est, Te deum<\/p>\n\n\n\n<p><strong>Thomasberger Hubertusmesse von Anton O. Sollfelner:<\/strong><\/p>\n\n\n\n<p>Feierlicher Einzug, Kyrie, Gloria, Credo, Offertorium, Benedictus, Sanctus, Agnus dei, Waidmannsdank (Feierlicher Ausklang)<\/p>\n\n\n\n<p><strong><em>Weihnachtslieder:<\/em><\/strong><\/p>\n\n\n\n<p>Stille Nacht, Oh Tannenbaum, Es wird scho&#8216; glei&#8216; dumpa, Oh, du fr\u00f6hliche&#8230;, S\u00fc\u00dfer die Glocken nie klingen, Leise rieselt der Schnee, Ihr Kinderlein kommet, Es ist ein&#8216; Ros&#8216; entsprungen, Aber Heidschi, Bumbeidschi<\/p>\n\n\n\n<div class=\"wp-block-buttons is-layout-flex wp-block-buttons-is-layout-flex\">\n<div class=\"wp-block-button is-style-outline is-style-outline--1\"><a class=\"wp-block-button__link\" href=\"https:\/\/jhbg-hermannloens.at\/?page_id=521\">H\u00f6rproben<\/a><\/div>\n<\/div>\n","protected":false},"excerpt":{"rendered":"<p>Allgemeine, Jagdleit- und Totsignale: Das hohe Wecken, Begr\u00fc\u00dfung, Zum Essen, Zum Trinken,&nbsp;Blattschlagen,Jagd&nbsp;vorbei-Halali, Auf Wiedersehen Aufbruch zur Jagd, Das Ganze, Anblasen des Treibens, Aufmunterung zum Treiben, Aufh\u00f6ren zu schie\u00dfen, Sammeln der [&hellip;]<\/p>\n","protected":false},"author":1,"featured_media":0,"parent":0,"menu_order":0,"comment_status":"closed","ping_status":"closed","template":"","meta":{"footnotes":""},"class_list":["post-193","page","type-page","status-publish","hentry"],"_links":{"self":[{"href":"https:\/\/jhbg-hermannloens.at\/index.php?rest_route=\/wp\/v2\/pages\/193","targetHints":{"allow":["GET"]}}],"collection":[{"href":"https:\/\/jhbg-hermannloens.at\/index.php?rest_route=\/wp\/v2\/pages"}],"about":[{"href":"https:\/\/jhbg-hermannloens.at\/index.php?rest_route=\/wp\/v2\/types\/page"}],"author":[{"embeddable":true,"href":"https:\/\/jhbg-hermannloens.at\/index.php?rest_route=\/wp\/v2\/users\/1"}],"replies":[{"embeddable":true,"href":"https:\/\/jhbg-hermannloens.at\/index.php?rest_route=%2Fwp%2Fv2%2Fcomments&post=193"}],"version-history":[{"count":4,"href":"https:\/\/jhbg-hermannloens.at\/index.php?rest_route=\/wp\/v2\/pages\/193\/revisions"}],"predecessor-version":[{"id":545,"href":"https:\/\/jhbg-hermannloens.at\/index.php?rest_route=\/wp\/v2\/pages\/193\/revisions\/545"}],"wp:attachment":[{"href":"https:\/\/jhbg-hermannloens.at\/index.php?rest_route=%2Fwp%2Fv2%2Fmedia&parent=193"}],"curies":[{"name":"wp","href":"https:\/\/api.w.org\/{rel}","templated":true}]}}