{"id":526,"date":"2020-12-23T08:04:02","date_gmt":"2020-12-23T07:04:02","guid":{"rendered":"https:\/\/jhbg-hermannloens.at\/?page_id=526"},"modified":"2021-06-08T17:30:34","modified_gmt":"2021-06-08T15:30:34","slug":"impressum","status":"publish","type":"page","link":"https:\/\/jhbg-hermannloens.at\/?page_id=526","title":{"rendered":"Impressum"},"content":{"rendered":"\n<p><strong>Herausgeber und f\u00fcr den Inhalt dieser Website verantwortlich:<\/strong><\/p>\n\n\n\n<blockquote class=\"wp-block-quote is-layout-flow wp-block-quote-is-layout-flow\"><p><strong>Jagdhornbl\u00e4sergruppe Hermann L\u00f6ns<\/strong><br>Obmann: Hubert Krogger<br>Seitenhafenstra\u00dfe 14<br>1020 Wien<br>Tel: <a href=\"&#116;&#x65;&#108;&#x3a;&#43;&#x34;&#51;&#x36;&#55;&#x36;&#56;&#x34;&#55;&#x37;&#55;&#x37;&#49;&#x30;\">&#x2b;&#52;&#51;&#x20;&#x36;&#55;&#54;&#x20;&#x38;&#52;&#55;&#x37;&#x37;&#55;&#49;&#x30;<\/a><br>Email: <a href=\"&#109;&#x61;&#105;&#x6c;&#116;&#x6f;&#58;&#x6f;f&#x66;i&#x63;e&#x40;j&#104;&#x62;&#103;&#x2d;&#104;&#x65;&#114;&#x6d;&#97;&#x6e;n&#x6c;o&#x65;n&#x73;&#46;&#97;&#x74;\">of&#102;&#105;&#99;&#x65;&#x40;&#x6a;&#x68;&#x62;g-&#104;&#101;&#114;&#x6d;&#x61;&#x6e;&#x6e;&#x6c;oe&#110;&#115;&#46;&#x61;&#x74;<\/a><\/p><\/blockquote>\n\n\n\n<p><strong>Design, Gestaltung  und Umsetzung:<\/strong><\/p>\n\n\n\n<blockquote class=\"wp-block-quote is-layout-flow wp-block-quote-is-layout-flow\"><p><strong>ISO-Data e.U.<\/strong>, Inh. Gerald Szekf\u00fc<br>Hauptstra\u00dfe 50 \/ Top 2<br>2485 Wimpassing\/Leitha, Burgenland<br>Tel: <a href=\"&#x74;&#x65;&#108;&#58;+&#x34;&#x33;&#x36;&#54;41&#x33;&#x39;&#50;&#50;9&#x33;\">+4&#51;&#32;&#x36;&#x36;&#x34;&#x20;13&#57;&#50;&#x32;&#x39;&#x33;<\/a><br>Email: <a href=\"&#109;&#97;&#x69;&#x6c;&#116;&#111;&#x3a;&#x6f;&#102;&#102;&#x69;&#x63;&#101;&#64;&#x69;&#x73;&#111;&#45;&#x64;&#x61;&#116;&#97;&#x2e;&#x61;&#116;\">&#111;&#x66;f&#105;&#x63;e&#64;&#x69;s&#111;&#x2d;d&#97;&#x74;&#97;&#x2e;&#x61;&#116;<\/a><br>Web: <a rel=\"noreferrer noopener\" href=\"http:\/\/www.iso-data.at\" target=\"_blank\">www.iso-data.at<\/a><\/p><\/blockquote>\n\n\n\n<p><strong>Copyright:<\/strong><\/p>\n\n\n\n<p>Alle Daten dieser Website sind urheberrechtlich gesch\u00fctzt. Jede Bearbeitung, Vervielf\u00e4ltigung, Verbreitung und\/oder \u00f6ffentliche Wiedergabe unabh\u00e4ngig vom verwendetem Medium stellt einen Urheberrechtsverstoss dar. F\u00fcr Freigaben wenden Sie sich bitte an <a href=\"&#x6d;&#97;i&#x6c;&#116;o&#x3a;&#111;f&#x66;&#x69;&#99;&#x65;&#x40;&#106;h&#x62;&#103;-&#x68;&#101;r&#x6d;&#x61;&#110;&#x6e;&#x6c;&#111;e&#x6e;&#115;&#46;&#x61;&#116;\">&#111;&#x66;&#102;&#x69;c&#101;&#x40;&#106;&#x68;b&#x67;-&#104;&#x65;&#114;&#x6d;a&#x6e;&#x6e;&#108;&#x6f;e&#x6e;s&#46;&#x61;&#116;<\/a>.<\/p>\n\n\n\n<p><strong>Haftungsausschluss:<\/strong><\/p>\n\n\n\n<p>Trotz sorgf\u00e4ltiger inhaltlicher Kontrolle \u00fcbernehmen wir keine Haftung f\u00fcr die Inhalte externer Links. F\u00fcr den Inhalt der verlinkten Seiten sind ausschlie\u00dflich deren Betreiber verantwortlich.<\/p>\n\n\n\n<p><strong>Fotos<\/strong>:<\/p>\n\n\n\n<p>JHBG Hermann L\u00f6ns, Gerald Szekf\u00fc<\/p>\n\n\n\n<p><br><\/p>\n","protected":false},"excerpt":{"rendered":"<p>Herausgeber und f\u00fcr den Inhalt dieser Website verantwortlich: Jagdhornbl\u00e4sergruppe Hermann L\u00f6nsObmann: Hubert KroggerSeitenhafenstra\u00dfe 141020 WienTel: Email: Design, Gestaltung und Umsetzung: ISO-Data e.U., Inh. Gerald Szekf\u00fcHauptstra\u00dfe 50 \/ Top 22485 Wimpassing\/Leitha, [&hellip;]<\/p>\n","protected":false},"author":1,"featured_media":0,"parent":0,"menu_order":0,"comment_status":"closed","ping_status":"closed","template":"","meta":{"footnotes":""},"class_list":["post-526","page","type-page","status-publish","hentry"],"_links":{"self":[{"href":"https:\/\/jhbg-hermannloens.at\/index.php?rest_route=\/wp\/v2\/pages\/526","targetHints":{"allow":["GET"]}}],"collection":[{"href":"https:\/\/jhbg-hermannloens.at\/index.php?rest_route=\/wp\/v2\/pages"}],"about":[{"href":"https:\/\/jhbg-hermannloens.at\/index.php?rest_route=\/wp\/v2\/types\/page"}],"author":[{"embeddable":true,"href":"https:\/\/jhbg-hermannloens.at\/index.php?rest_route=\/wp\/v2\/users\/1"}],"replies":[{"embeddable":true,"href":"https:\/\/jhbg-hermannloens.at\/index.php?rest_route=%2Fwp%2Fv2%2Fcomments&post=526"}],"version-history":[{"count":20,"href":"https:\/\/jhbg-hermannloens.at\/index.php?rest_route=\/wp\/v2\/pages\/526\/revisions"}],"predecessor-version":[{"id":734,"href":"https:\/\/jhbg-hermannloens.at\/index.php?rest_route=\/wp\/v2\/pages\/526\/revisions\/734"}],"wp:attachment":[{"href":"https:\/\/jhbg-hermannloens.at\/index.php?rest_route=%2Fwp%2Fv2%2Fmedia&parent=526"}],"curies":[{"name":"wp","href":"https:\/\/api.w.org\/{rel}","templated":true}]}}