{"id":534,"date":"2020-12-23T08:14:45","date_gmt":"2020-12-23T07:14:45","guid":{"rendered":"https:\/\/jhbg-hermannloens.at\/?page_id=534"},"modified":"2021-04-12T11:25:44","modified_gmt":"2021-04-12T09:25:44","slug":"links","status":"publish","type":"page","link":"https:\/\/jhbg-hermannloens.at\/?page_id=534","title":{"rendered":"Links"},"content":{"rendered":"\n<p><strong><a class=\" link\" href=\"https:\/\/www.youtube.com\/watch?v=HrTyCARUzkc\" target=\"_blank\" rel=\"noopener\">Das Signal \u201eBegr\u00fc\u00dfung\u201c &#8211; YouTube<\/a><\/strong><\/p>\n<p><strong><a class=\" link\" href=\"https:\/\/www.jagd-oesterreich.at\/\" target=\"_blank\" rel=\"noopener\">Zentralstelle \u00d6sterreichischer Landesjagdverb\u00e4nde<\/a><\/strong><\/p>\n<p><strong><a class=\" link\" href=\"http:\/\/www.jagd-wien.at\/\" target=\"_blank\" rel=\"noopener\">Wiener Landesjagdverband<\/a><\/strong>&nbsp;<\/p>\n<p><strong><a class=\" link\" href=\"http:\/\/www.noeljv.at\/\" target=\"_blank\" rel=\"noopener\">Nieder\u00f6sterreichischer Landesjagdverband<\/a><\/strong>&nbsp;<\/p>\n<p><strong><a class=\" link\" href=\"http:\/\/www.ooeljv.at\/\" target=\"_blank\" rel=\"noopener\">Ober\u00f6sterreichischer Landesjagdverband<\/a><\/strong>&nbsp;<\/p>\n<p><strong><a class=\" link\" href=\"http:\/\/www.bljv.at\/\" target=\"_blank\" rel=\"noopener\">Landesjagdverband Burgenland<\/a><\/strong>&nbsp;<\/p>\n<p><strong><a class=\" link\" href=\"http:\/\/www.jagdschutzverein.at\/\" target=\"_blank\" rel=\"noopener\">Steirischer Jagdschutzverein<\/a><\/strong>&nbsp;<\/p>\n<p><a class=\" link\" href=\"https:\/\/www.weidwerk.at\/\" target=\"_blank\" rel=\"noopener\"><span style=\"color: #080707;\" data-mce-mark=\"1\"><span style=\"color: #080707;\" data-mce-mark=\"1\"><strong>\u00d6sterre<\/strong><\/span><\/span><span style=\"color: #080707;\" data-mce-mark=\"1\"><span style=\"color: #080707;\" data-mce-mark=\"1\"><strong>ichs Weidwerk<\/strong><\/span><\/span><span style=\"color: #080707;\" data-mce-mark=\"1\">&nbsp;<\/span><\/a><\/p>\n<p><strong><a class=\" link\" href=\"http:\/\/www.jagderleben.de\/\" target=\"_blank\" rel=\"noopener\">St. Hubertus<\/a><\/strong>&nbsp;<\/p>\n<p><a class=\" link\" href=\"http:\/\/www.anblick.at\/\" target=\"_blank\" rel=\"noopener\"><span style=\"color: #080707;\" data-mce-mark=\"1\"><span style=\"color: #080707;\" data-mce-mark=\"1\"><strong>Der A<\/strong><\/span><\/span><span style=\"color: #080707;\" data-mce-mark=\"1\"><span style=\"color: #080707;\" data-mce-mark=\"1\"><strong>nblick<\/strong><\/span><\/span><span style=\"color: #080707;\" data-mce-mark=\"1\">&nbsp;<\/span><\/a><\/p>\n<p><strong><a class=\" link\" href=\"http:\/\/www.nimrodfreunde.at\/\" target=\"_blank\" rel=\"noopener\">Jagdklub Nimrodfreunde<\/a><\/strong>&nbsp;<\/p>\n<p><strong><a class=\" link\" href=\"http:\/\/www.loens-verband.de\" target=\"_blank\" rel=\"noopener\">Verband der Hermann L\u00f6ns-Kreise<\/a><\/strong>&nbsp;<\/p>\n<p><strong><a class=\" link\" href=\"http:\/\/www.musik-dotzauer.de\/\" target=\"_blank\" rel=\"noopener\">Musikhaus Dotzauer<\/a><\/strong>&nbsp;<\/p>\n<p><strong><a class=\" link\" href=\"http:\/\/www.votruba-musik.at\/\" target=\"_blank\" rel=\"noopener\">Musikhaus Votruba<\/a><\/strong>&nbsp;<\/p>\n<p><strong><a class=\" link\" href=\"http:\/\/www.melton.de\/\" target=\"_blank\" rel=\"noopener\">Melton-Jagdmusikinstrumente<\/a><\/strong>&nbsp;<\/p>\n<p><strong><a class=\" link\" href=\"http:\/\/www.thomann.de\/\" target=\"_blank\" rel=\"noopener\">Musikhaus Thomann<\/a><\/strong><a class=\" link\" style=\"line-height: 1.42;\" href=\"http:\/\/www.joseflidl.cz\/\" target=\"_blank\" rel=\"noopener\">&nbsp;<\/a><\/p>\n<p><a class=\" link\" href=\"http:\/\/www.josef-lidl.at\/\" target=\"_blank\" rel=\"noopener\"><strong>Josef Lidl-Blasinstrumente<\/strong>&nbsp;<\/a><\/p>\n<p><strong><a class=\" link\" style=\"line-height: 1.42;\" href=\"http:\/\/www.musenhoehle.de\/\" target=\"_blank\" rel=\"noopener\">Jagdhornsignale<\/a><\/strong>&nbsp;<\/p>\n<p><strong><a class=\" link\" style=\"line-height: 1.42;\" href=\"http:\/\/www.jagdweb.at\/\" target=\"_blank\" rel=\"noopener\">Jagdweb-Jagdadressen<\/a><\/strong>&nbsp;<\/p>\n<p><strong><a class=\" link\" href=\"http:\/\/members.aon.at\/hirschhornschnitzer\/\" target=\"_blank\" rel=\"noopener\">Hirschhorn-Schnitzer und Hornschmuck-Erzeugung<\/a><\/strong>&nbsp;<\/p>\n<p><strong><a class=\" link\" href=\"http:\/\/www.weingutklager.at\/\" target=\"_blank\" rel=\"noopener\">Weingut Ing. Gerhard Klager<\/a><\/strong>&nbsp;<\/p>\n<p><strong><a class=\" link\" href=\"https:\/\/kolarik.at\/\" target=\"_blank\" rel=\"noopener\">Kolariks Freizeitbetriebe<\/a><\/strong>&nbsp;<\/p>\n<p><strong style=\"line-height: 1.42;\"><a class=\" link\" href=\"http:\/\/www.krogger-transporte.at\/\" target=\"_blank\" rel=\"noopener\">Krogger GmbH Transport &amp; Logistik<\/a><\/strong>&nbsp;<\/p>\n<p><strong><a class=\" link\" href=\"http:\/\/www.krogger-werkstatt.at\/\" target=\"_blank\" rel=\"noopener\">KFZ Krogger GmbH, Lkw- und Pkw &#8211; Service und Reparaturen<\/a><\/strong>&nbsp;<\/p>\n<p><strong><a class=\" link\" href=\"http:\/\/www.nagy-hut.at\/\" target=\"_blank\" rel=\"noopener\">Nagy H\u00fcte<\/a><\/strong>&nbsp;<\/p>\n<p><strong><a class=\" link\" href=\"http:\/\/www.pressl.cc\/\" target=\"_blank\" rel=\"noopener\">Pre\u00dfl &#8211; Das Trachtenhaus im Mostviertel<\/a><\/strong><a class=\" link\" style=\"line-height: 1.42;\" href=\"http:\/\/www.sigmajazz.com\/\" target=\"_blank\" rel=\"noopener\">&nbsp;<\/a><\/p>\n<p><a class=\" link\" href=\"http:\/\/www.maisi.at\/\" target=\"_blank\" rel=\"noopener\"><strong>Elfi Maisetschl\u00e4ger, Trachtendesignerin, Weitra<\/strong>&nbsp;<\/a><\/p>\n<p><a class=\" link\" href=\"http:\/\/www.sigmajazz.com\/\" target=\"_blank\" rel=\"noopener\"><strong>SIGMA jazz&amp;dance<\/strong>&nbsp;<\/a><\/p>\n<p><span style=\"font-weight: bold;\" data-mce-mark=\"1\"><a class=\" link\" href=\"http:\/\/www.praterwien.com\/veranstaltungen\/details\/e\/jagdhornblaeser\/\" target=\"_blank\" rel=\"noopener\">Prater Wien GmbH<\/a><\/span><\/p>\n<p><span style=\"font-weight: bold;\" data-mce-mark=\"1\"><a class=\" link\" href=\"http:\/\/www.harrys-augustin.at\/\" target=\"_blank\" rel=\"noopener\">Harrys Augustin<\/a><\/span><\/p>\n<p><span style=\"font-weight: bold;\" data-mce-mark=\"1\"><a class=\" link\" href=\"https:\/\/youtu.be\/615jyDsm2y4\" target=\"_blank\" rel=\"noopener\">50. N\u00d6 Jahgdhornbl\u00e4ser-Wettbewerb<\/a><\/span><\/p>\n\n\n\n<p><\/p>\n","protected":false},"excerpt":{"rendered":"<p>Das Signal \u201eBegr\u00fc\u00dfung\u201c &#8211; YouTube Zentralstelle \u00d6sterreichischer Landesjagdverb\u00e4nde Wiener Landesjagdverband&nbsp; Nieder\u00f6sterreichischer Landesjagdverband&nbsp; Ober\u00f6sterreichischer Landesjagdverband&nbsp; Landesjagdverband Burgenland&nbsp; Steirischer Jagdschutzverein&nbsp; \u00d6sterreichs Weidwerk&nbsp; St. Hubertus&nbsp; Der Anblick&nbsp; Jagdklub Nimrodfreunde&nbsp; Verband der Hermann L\u00f6ns-Kreise&nbsp; [&hellip;]<\/p>\n","protected":false},"author":1,"featured_media":0,"parent":0,"menu_order":0,"comment_status":"closed","ping_status":"closed","template":"","meta":{"footnotes":""},"class_list":["post-534","page","type-page","status-publish","hentry"],"_links":{"self":[{"href":"https:\/\/jhbg-hermannloens.at\/index.php?rest_route=\/wp\/v2\/pages\/534","targetHints":{"allow":["GET"]}}],"collection":[{"href":"https:\/\/jhbg-hermannloens.at\/index.php?rest_route=\/wp\/v2\/pages"}],"about":[{"href":"https:\/\/jhbg-hermannloens.at\/index.php?rest_route=\/wp\/v2\/types\/page"}],"author":[{"embeddable":true,"href":"https:\/\/jhbg-hermannloens.at\/index.php?rest_route=\/wp\/v2\/users\/1"}],"replies":[{"embeddable":true,"href":"https:\/\/jhbg-hermannloens.at\/index.php?rest_route=%2Fwp%2Fv2%2Fcomments&post=534"}],"version-history":[{"count":8,"href":"https:\/\/jhbg-hermannloens.at\/index.php?rest_route=\/wp\/v2\/pages\/534\/revisions"}],"predecessor-version":[{"id":687,"href":"https:\/\/jhbg-hermannloens.at\/index.php?rest_route=\/wp\/v2\/pages\/534\/revisions\/687"}],"wp:attachment":[{"href":"https:\/\/jhbg-hermannloens.at\/index.php?rest_route=%2Fwp%2Fv2%2Fmedia&parent=534"}],"curies":[{"name":"wp","href":"https:\/\/api.w.org\/{rel}","templated":true}]}}