{"id":78,"date":"2020-12-11T11:48:51","date_gmt":"2020-12-11T10:48:51","guid":{"rendered":"https:\/\/jhbg-hermannloens.at\/?page_id=78"},"modified":"2020-12-18T16:57:16","modified_gmt":"2020-12-18T15:57:16","slug":"biographie","status":"publish","type":"page","link":"https:\/\/jhbg-hermannloens.at\/?page_id=78","title":{"rendered":"Biographie"},"content":{"rendered":"\n<div class=\"wp-block-image\"><figure class=\"alignleft size-large\"><img loading=\"lazy\" decoding=\"async\" width=\"162\" height=\"216\" src=\"https:\/\/jhbg-hermannloens.at\/wp-content\/uploads\/2020\/12\/Portrait.jpg\" alt=\"\" class=\"wp-image-79\"\/><\/figure><\/div>\n\n\n\n<p class=\"has-text-align-left\">Hermann L\u00f6ns wird am 29. August 1866 als Sohn des Gymnasiallehrers Friedrich L\u00f6ns und dessen Frau Clara in Kulm (Westpreu\u00dfen) geboren.<br><br>Nach dem Abitur und der Ableistung des Milit\u00e4rdienstes studiert er ab&nbsp;1886 an mehreren Universit\u00e4ten Medizin,&nbsp;Naturwissenschaften und Mathematik. Da er das Studium aufgrund seines unsteten Lebenswandels nicht vollendete, kam es zum Bruch mit seinem Vater.<br><br>In den folgenden Jahren verdiente sich Hermann L\u00f6ns seinen Lebensunterhalt als Redakteur und Berichterstatter bei verschiedenen Zeitungen in&nbsp;Kaiserslautern, Gera und Hamburg.<\/p>\n\n\n\n<p class=\"has-text-align-left\">Im Jahre 1893 zieht Hermann L\u00f6ns nach Hannover,&nbsp;arbeitet als Redakteur bei mehreren Zeitungen und heiratet Elisabeth Erbeck.<\/p>\n\n\n\n<p class=\"has-text-align-left\">Ab diesem Zeitpunkt und in den darauffolgenden Jahren ver\u00f6ffentlicht er lyrische und satirische Gedichte, unter anderem unter einem Pseudonym im &#8222;Hannoverschen Anzeiger&#8220;.<\/p>\n\n\n\n<p class=\"has-text-align-left\">Nach dem Umzug nach Bremen und der Scheidung von seiner Frau im Jahre 1901 beschreibt er in Skizzen und B\u00fcchern die Pflanzen- und Tierwelt in der L\u00fcneburger Heide.<\/p>\n\n\n\n<p class=\"has-text-align-left\">1902 heiratet Hermann L\u00f6ns seine zweite Frau Lisa Hausmann,&nbsp;dieser Verbindung entstammt ein Kind.<\/p>\n\n\n\n<p class=\"has-text-align-left\">In den Jahren 1902 bis 1911 verfasst&nbsp;er w\u00f6chentliche Satiren und schreibt zahlreiche Romane und B\u00fccher&nbsp;\u00fcber die Pflanzen-, Tier- und die Bauernwelt in Niedersachsen.<\/p>\n\n\n\n<p class=\"has-text-align-left\">Nach der Trennung von seiner zweiten Frau zieht Hermann L\u00f6ns 1911 nach Davos, kehrt aber 1912 wieder nach Hannover zur\u00fcck.<\/p>\n\n\n\n<p class=\"has-text-align-left\">Nach dem Erscheinen mehrerer B\u00fccher meldet sich Hermann L\u00f6ns 1914 freiwillig zum Milit\u00e4rdienst und f\u00e4llt am 26. September 1914 an der Front bei Loivre.<\/p>\n\n\n\n<p class=\"has-text-align-left\">1934 werden seine Gebeine exhumiert und nach Deutschland gebracht. Seine letzte Ruhest\u00e4tte findet Hermann L\u00f6ns 1935 schlie\u00dflich in der L\u00fcneburger Heide nahe Walsrode.&nbsp;&nbsp;<\/p>\n\n\n\n<div class=\"wp-block-buttons is-layout-flex wp-block-buttons-is-layout-flex\">\n<div class=\"wp-block-button is-style-outline is-style-outline--1\"><a class=\"wp-block-button__link\" href=\"https:\/\/jhbg-hermannloens.at\/?page_id=68\">Chronik<\/a><\/div>\n<\/div>\n","protected":false},"excerpt":{"rendered":"<p>Hermann L\u00f6ns wird am 29. August 1866 als Sohn des Gymnasiallehrers Friedrich L\u00f6ns und dessen Frau Clara in Kulm (Westpreu\u00dfen) geboren. Nach dem Abitur und der Ableistung des Milit\u00e4rdienstes studiert [&hellip;]<\/p>\n","protected":false},"author":1,"featured_media":0,"parent":68,"menu_order":0,"comment_status":"closed","ping_status":"closed","template":"","meta":{"footnotes":""},"class_list":["post-78","page","type-page","status-publish","hentry"],"_links":{"self":[{"href":"https:\/\/jhbg-hermannloens.at\/index.php?rest_route=\/wp\/v2\/pages\/78","targetHints":{"allow":["GET"]}}],"collection":[{"href":"https:\/\/jhbg-hermannloens.at\/index.php?rest_route=\/wp\/v2\/pages"}],"about":[{"href":"https:\/\/jhbg-hermannloens.at\/index.php?rest_route=\/wp\/v2\/types\/page"}],"author":[{"embeddable":true,"href":"https:\/\/jhbg-hermannloens.at\/index.php?rest_route=\/wp\/v2\/users\/1"}],"replies":[{"embeddable":true,"href":"https:\/\/jhbg-hermannloens.at\/index.php?rest_route=%2Fwp%2Fv2%2Fcomments&post=78"}],"version-history":[{"count":3,"href":"https:\/\/jhbg-hermannloens.at\/index.php?rest_route=\/wp\/v2\/pages\/78\/revisions"}],"predecessor-version":[{"id":199,"href":"https:\/\/jhbg-hermannloens.at\/index.php?rest_route=\/wp\/v2\/pages\/78\/revisions\/199"}],"up":[{"embeddable":true,"href":"https:\/\/jhbg-hermannloens.at\/index.php?rest_route=\/wp\/v2\/pages\/68"}],"wp:attachment":[{"href":"https:\/\/jhbg-hermannloens.at\/index.php?rest_route=%2Fwp%2Fv2%2Fmedia&parent=78"}],"curies":[{"name":"wp","href":"https:\/\/api.w.org\/{rel}","templated":true}]}}